{"id":5613,"date":"2023-02-22T15:02:04","date_gmt":"2023-02-22T15:02:04","guid":{"rendered":"https:\/\/efgllc.com\/financiacion-de-proyectos-y-capex\/"},"modified":"2023-11-08T08:38:03","modified_gmt":"2023-11-08T08:38:03","slug":"financiacion-de-proyectos-y-capex","status":"publish","type":"page","link":"https:\/\/efgllc.com\/es\/financiacion-de-proyectos-y-capex\/","title":{"rendered":"Financiaci\u00f3n de proyectos y CAPEX"},"content":{"rendered":"\t\t<div data-elementor-type=\"wp-page\" data-elementor-id=\"5613\" class=\"elementor elementor-5613 elementor-2837\" data-elementor-post-type=\"page\">\n\t\t\t\t\t\t<section class=\"elementor-section elementor-top-section elementor-element elementor-element-7f79672 elementor-section-height-min-height elementor-section-content-middle elementor-section-stretched elementor-section-boxed elementor-section-height-default elementor-section-items-middle\" data-id=\"7f79672\" data-element_type=\"section\" data-e-type=\"section\" data-settings=\"{&quot;background_background&quot;:&quot;classic&quot;,&quot;jet_parallax_layout_list&quot;:[{&quot;_id&quot;:&quot;e28acd5&quot;,&quot;jet_parallax_layout_image&quot;:{&quot;url&quot;:&quot;&quot;,&quot;id&quot;:&quot;&quot;,&quot;size&quot;:&quot;&quot;},&quot;jet_parallax_layout_image_tablet&quot;:{&quot;url&quot;:&quot;&quot;,&quot;id&quot;:&quot;&quot;,&quot;size&quot;:&quot;&quot;},&quot;jet_parallax_layout_image_mobile&quot;:{&quot;url&quot;:&quot;&quot;,&quot;id&quot;:&quot;&quot;,&quot;size&quot;:&quot;&quot;},&quot;jet_parallax_layout_speed&quot;:{&quot;unit&quot;:&quot;%&quot;,&quot;size&quot;:50,&quot;sizes&quot;:[]},&quot;jet_parallax_layout_type&quot;:&quot;scroll&quot;,&quot;jet_parallax_layout_direction&quot;:&quot;1&quot;,&quot;jet_parallax_layout_fx_direction&quot;:null,&quot;jet_parallax_layout_z_index&quot;:&quot;&quot;,&quot;jet_parallax_layout_bg_x&quot;:50,&quot;jet_parallax_layout_bg_x_tablet&quot;:&quot;&quot;,&quot;jet_parallax_layout_bg_x_mobile&quot;:&quot;&quot;,&quot;jet_parallax_layout_bg_y&quot;:50,&quot;jet_parallax_layout_bg_y_tablet&quot;:&quot;&quot;,&quot;jet_parallax_layout_bg_y_mobile&quot;:&quot;&quot;,&quot;jet_parallax_layout_bg_size&quot;:&quot;auto&quot;,&quot;jet_parallax_layout_bg_size_tablet&quot;:&quot;&quot;,&quot;jet_parallax_layout_bg_size_mobile&quot;:&quot;&quot;,&quot;jet_parallax_layout_animation_prop&quot;:&quot;transform&quot;,&quot;jet_parallax_layout_on&quot;:[&quot;desktop&quot;,&quot;tablet&quot;]}],&quot;stretch_section&quot;:&quot;section-stretched&quot;}\">\n\t\t\t\t\t\t\t<div class=\"elementor-background-overlay\"><\/div>\n\t\t\t\t\t\t\t<div class=\"elementor-container elementor-column-gap-default\">\n\t\t\t\t\t<div class=\"elementor-column elementor-col-100 elementor-top-column elementor-element elementor-element-8b4acb1\" data-id=\"8b4acb1\" data-element_type=\"column\" data-e-type=\"column\">\n\t\t\t<div class=\"elementor-widget-wrap elementor-element-populated\">\n\t\t\t\t\t\t\t<\/div>\n\t\t<\/div>\n\t\t\t\t\t<\/div>\n\t\t<\/section>\n\t\t\t\t<section class=\"elementor-section elementor-top-section elementor-element elementor-element-735b813 elementor-section-stretched elementor-section-height-min-height elementor-section-items-stretch elementor-section-boxed elementor-section-height-default\" data-id=\"735b813\" data-element_type=\"section\" data-e-type=\"section\" data-settings=\"{&quot;stretch_section&quot;:&quot;section-stretched&quot;,&quot;background_background&quot;:&quot;classic&quot;,&quot;jet_parallax_layout_list&quot;:[{&quot;_id&quot;:&quot;898e59a&quot;,&quot;jet_parallax_layout_image&quot;:{&quot;url&quot;:&quot;&quot;,&quot;id&quot;:&quot;&quot;,&quot;size&quot;:&quot;&quot;},&quot;jet_parallax_layout_image_tablet&quot;:{&quot;url&quot;:&quot;&quot;,&quot;id&quot;:&quot;&quot;,&quot;size&quot;:&quot;&quot;},&quot;jet_parallax_layout_image_mobile&quot;:{&quot;url&quot;:&quot;&quot;,&quot;id&quot;:&quot;&quot;,&quot;size&quot;:&quot;&quot;},&quot;jet_parallax_layout_speed&quot;:{&quot;unit&quot;:&quot;%&quot;,&quot;size&quot;:50,&quot;sizes&quot;:[]},&quot;jet_parallax_layout_type&quot;:&quot;scroll&quot;,&quot;jet_parallax_layout_direction&quot;:&quot;1&quot;,&quot;jet_parallax_layout_fx_direction&quot;:null,&quot;jet_parallax_layout_z_index&quot;:&quot;&quot;,&quot;jet_parallax_layout_bg_x&quot;:50,&quot;jet_parallax_layout_bg_x_tablet&quot;:&quot;&quot;,&quot;jet_parallax_layout_bg_x_mobile&quot;:&quot;&quot;,&quot;jet_parallax_layout_bg_y&quot;:50,&quot;jet_parallax_layout_bg_y_tablet&quot;:&quot;&quot;,&quot;jet_parallax_layout_bg_y_mobile&quot;:&quot;&quot;,&quot;jet_parallax_layout_bg_size&quot;:&quot;auto&quot;,&quot;jet_parallax_layout_bg_size_tablet&quot;:&quot;&quot;,&quot;jet_parallax_layout_bg_size_mobile&quot;:&quot;&quot;,&quot;jet_parallax_layout_animation_prop&quot;:&quot;transform&quot;,&quot;jet_parallax_layout_on&quot;:[&quot;desktop&quot;,&quot;tablet&quot;]}]}\">\n\t\t\t\t\t\t<div class=\"elementor-container elementor-column-gap-no\">\n\t\t\t\t\t<div class=\"elementor-column elementor-col-50 elementor-top-column elementor-element elementor-element-b503edd\" data-id=\"b503edd\" data-element_type=\"column\" data-e-type=\"column\" data-settings=\"{&quot;background_background&quot;:&quot;classic&quot;}\">\n\t\t\t<div class=\"elementor-widget-wrap elementor-element-populated\">\n\t\t\t\t\t\t<div class=\"elementor-element elementor-element-836b228 elementor-widget elementor-widget-spacer\" data-id=\"836b228\" data-element_type=\"widget\" data-e-type=\"widget\" data-widget_type=\"spacer.default\">\n\t\t\t\t<div class=\"elementor-widget-container\">\n\t\t\t\t\t\t\t<div class=\"elementor-spacer\">\n\t\t\t<div class=\"elementor-spacer-inner\"><\/div>\n\t\t<\/div>\n\t\t\t\t\t\t<\/div>\n\t\t\t\t<\/div>\n\t\t\t\t\t<\/div>\n\t\t<\/div>\n\t\t\t\t<div class=\"elementor-column elementor-col-50 elementor-top-column elementor-element elementor-element-0e7b227\" data-id=\"0e7b227\" data-element_type=\"column\" data-e-type=\"column\" data-settings=\"{&quot;background_background&quot;:&quot;classic&quot;}\">\n\t\t\t<div class=\"elementor-widget-wrap elementor-element-populated\">\n\t\t\t\t\t\t<div class=\"elementor-element elementor-element-fcaf99e elementor-widget elementor-widget-heading\" data-id=\"fcaf99e\" data-element_type=\"widget\" data-e-type=\"widget\" data-widget_type=\"heading.default\">\n\t\t\t\t<div class=\"elementor-widget-container\">\n\t\t\t\t\t<h3 class=\"elementor-heading-title elementor-size-default\">EFG puede ayudarle en la financiaci\u00f3n de proyectos y CAPEX<\/h3>\t\t\t\t<\/div>\n\t\t\t\t<\/div>\n\t\t\t\t<div class=\"elementor-element elementor-element-55ed435 elementor-widget elementor-widget-text-editor\" data-id=\"55ed435\" data-element_type=\"widget\" data-e-type=\"widget\" data-widget_type=\"text-editor.default\">\n\t\t\t\t<div class=\"elementor-widget-container\">\n\t\t\t\t\t\t\t\t\t<div class=\"fusion-fullwidth fullwidth-box nonhundred-percent-fullwidth non-hundred-percent-height-scrolling\">\n<div class=\"fusion-builder-row fusion-row \">\n<div class=\"fusion-layout-column fusion_builder_column fusion_builder_column_1_1 fusion-builder-column-2 fusion-one-full fusion-column-first fusion-column-last 1_1\">\n<div class=\"fusion-column-wrapper\" data-bg-url=\"\">\n<div class=\"fusion-text\">\n<p>Cuando se trata de sus necesidades de financiaci\u00f3n de proyectos, EFG puede ayudarle. \u00bfQuiere ampliar sus instalaciones? EFG puede aumentar su capital. La financiaci\u00f3n de proyectos con EFG le permitir\u00e1 obtener unos plazos r\u00e1pidos y sin complicaciones. Con CAPEX Funding, EFG puede proporcionarle una l\u00ednea de cr\u00e9dito contra la que recurrir para sus arrendamientos de equipos a lo largo del a\u00f1o natural.<\/p>\n<\/div>\n<\/div>\n<\/div>\n<\/div>\n<\/div>\n\t\t\t\t\t\t\t\t<\/div>\n\t\t\t\t<\/div>\n\t\t\t\t<div class=\"elementor-element elementor-element-c1757ed elementor-mobile-align-justify elementor-widget__width-auto elementor-widget-mobile__width-inherit elementor-widget elementor-widget-button\" data-id=\"c1757ed\" data-element_type=\"widget\" data-e-type=\"widget\" data-widget_type=\"button.default\">\n\t\t\t\t<div class=\"elementor-widget-container\">\n\t\t\t\t\t\t\t\t\t<div class=\"elementor-button-wrapper\">\n\t\t\t\t\t<a class=\"elementor-button elementor-button-link elementor-size-md elementor-animation-grow\" href=\"https:\/\/efgllc.com\/contactus\/\">\n\t\t\t\t\t\t<span class=\"elementor-button-content-wrapper\">\n\t\t\t\t\t\t\t\t\t<span class=\"elementor-button-text\">Contacto<\/span>\n\t\t\t\t\t<\/span>\n\t\t\t\t\t<\/a>\n\t\t\t\t<\/div>\n\t\t\t\t\t\t\t\t<\/div>\n\t\t\t\t<\/div>\n\t\t\t\t\t<\/div>\n\t\t<\/div>\n\t\t\t\t\t<\/div>\n\t\t<\/section>\n\t\t\t\t<\/div>\n\t\t","protected":false},"excerpt":{"rendered":"<p>EFG puede ayudarle en la financiaci\u00f3n de proyectos y CAPEX Cuando se trata de sus necesidades de financiaci\u00f3n de proyectos, EFG puede ayudarle. \u00bfQuiere ampliar sus instalaciones? EFG puede aumentar su capital. La financiaci\u00f3n de proyectos con EFG le permitir\u00e1 obtener unos plazos r\u00e1pidos y sin complicaciones. Con CAPEX Funding, EFG puede proporcionarle una l\u00ednea [&hellip;]<\/p>\n","protected":false},"author":15,"featured_media":4988,"parent":0,"menu_order":0,"comment_status":"closed","ping_status":"closed","template":"","meta":{"ocean_post_layout":"","ocean_both_sidebars_style":"","ocean_both_sidebars_content_width":0,"ocean_both_sidebars_sidebars_width":0,"ocean_sidebar":"0","ocean_second_sidebar":"0","ocean_disable_margins":"enable","ocean_add_body_class":"","ocean_shortcode_before_top_bar":"","ocean_shortcode_after_top_bar":"","ocean_shortcode_before_header":"","ocean_shortcode_after_header":"","ocean_has_shortcode":"","ocean_shortcode_after_title":"","ocean_shortcode_before_footer_widgets":"","ocean_shortcode_after_footer_widgets":"","ocean_shortcode_before_footer_bottom":"","ocean_shortcode_after_footer_bottom":"","ocean_display_top_bar":"default","ocean_display_header":"default","ocean_header_style":"","ocean_center_header_left_menu":"0","ocean_custom_header_template":"0","ocean_custom_logo":0,"ocean_custom_retina_logo":0,"ocean_custom_logo_max_width":0,"ocean_custom_logo_tablet_max_width":0,"ocean_custom_logo_mobile_max_width":0,"ocean_custom_logo_max_height":0,"ocean_custom_logo_tablet_max_height":0,"ocean_custom_logo_mobile_max_height":0,"ocean_header_custom_menu":"0","ocean_menu_typo_font_family":"0","ocean_menu_typo_font_subset":"","ocean_menu_typo_font_size":0,"ocean_menu_typo_font_size_tablet":0,"ocean_menu_typo_font_size_mobile":0,"ocean_menu_typo_font_size_unit":"px","ocean_menu_typo_font_weight":"","ocean_menu_typo_font_weight_tablet":"","ocean_menu_typo_font_weight_mobile":"","ocean_menu_typo_transform":"","ocean_menu_typo_transform_tablet":"","ocean_menu_typo_transform_mobile":"","ocean_menu_typo_line_height":0,"ocean_menu_typo_line_height_tablet":0,"ocean_menu_typo_line_height_mobile":0,"ocean_menu_typo_line_height_unit":"","ocean_menu_typo_spacing":0,"ocean_menu_typo_spacing_tablet":0,"ocean_menu_typo_spacing_mobile":0,"ocean_menu_typo_spacing_unit":"","ocean_menu_link_color":"","ocean_menu_link_color_hover":"","ocean_menu_link_color_active":"","ocean_menu_link_background":"","ocean_menu_link_hover_background":"","ocean_menu_link_active_background":"","ocean_menu_social_links_bg":"","ocean_menu_social_hover_links_bg":"","ocean_menu_social_links_color":"","ocean_menu_social_hover_links_color":"","ocean_disable_title":"default","ocean_disable_heading":"default","ocean_post_title":"","ocean_post_subheading":"","ocean_post_title_style":"","ocean_post_title_background_color":"","ocean_post_title_background":0,"ocean_post_title_bg_image_position":"","ocean_post_title_bg_image_attachment":"","ocean_post_title_bg_image_repeat":"","ocean_post_title_bg_image_size":"","ocean_post_title_height":0,"ocean_post_title_bg_overlay":0.5,"ocean_post_title_bg_overlay_color":"","ocean_disable_breadcrumbs":"default","ocean_breadcrumbs_color":"","ocean_breadcrumbs_separator_color":"","ocean_breadcrumbs_links_color":"","ocean_breadcrumbs_links_hover_color":"","ocean_display_footer_widgets":"default","ocean_display_footer_bottom":"default","ocean_custom_footer_template":"0","footnotes":""},"class_list":["post-5613","page","type-page","status-publish","has-post-thumbnail","hentry","entry","has-media"],"yoast_head":"<!-- This site is optimized with the Yoast SEO plugin v27.3 - https:\/\/yoast.com\/product\/yoast-seo-wordpress\/ -->\n<title>Financiaci\u00f3n de proyectos y CAPEX - Equipment Finance Group<\/title>\n<meta name=\"description\" content=\"Cuando se trata de sus necesidades de financiaci\u00f3n de proyectos, EFG puede ayudarle. \u00bfQuiere ampliar sus instalaciones?\" \/>\n<meta name=\"robots\" content=\"index, follow, max-snippet:-1, max-image-preview:large, max-video-preview:-1\" \/>\n<link rel=\"canonical\" href=\"https:\/\/efgllc.com\/es\/financiacion-de-proyectos-y-capex\/\" \/>\n<meta property=\"og:locale\" content=\"es_ES\" \/>\n<meta property=\"og:type\" content=\"article\" \/>\n<meta property=\"og:title\" content=\"Financiaci\u00f3n de proyectos y CAPEX - Equipment Finance Group\" \/>\n<meta property=\"og:description\" content=\"Cuando se trata de sus necesidades de financiaci\u00f3n de proyectos, EFG puede ayudarle. \u00bfQuiere ampliar sus instalaciones?\" \/>\n<meta property=\"og:url\" content=\"https:\/\/efgllc.com\/es\/financiacion-de-proyectos-y-capex\/\" \/>\n<meta property=\"og:site_name\" content=\"Equipment Finance Group\" \/>\n<meta property=\"article:modified_time\" content=\"2023-11-08T08:38:03+00:00\" \/>\n<meta property=\"og:image\" content=\"https:\/\/efgllc.com\/wp-content\/uploads\/2023\/02\/shutterstock_1408507103-scaled.jpg\" \/>\n\t<meta property=\"og:image:width\" content=\"2560\" \/>\n\t<meta property=\"og:image:height\" content=\"1707\" \/>\n\t<meta property=\"og:image:type\" content=\"image\/jpeg\" \/>\n<meta name=\"twitter:card\" content=\"summary_large_image\" \/>\n<script type=\"application\/ld+json\" class=\"yoast-schema-graph\">{\"@context\":\"https:\\\/\\\/schema.org\",\"@graph\":[{\"@type\":\"WebPage\",\"@id\":\"https:\\\/\\\/efgllc.com\\\/es\\\/financiacion-de-proyectos-y-capex\\\/\",\"url\":\"https:\\\/\\\/efgllc.com\\\/es\\\/financiacion-de-proyectos-y-capex\\\/\",\"name\":\"Financiaci\u00f3n de proyectos y CAPEX - Equipment Finance Group\",\"isPartOf\":{\"@id\":\"https:\\\/\\\/efgllc.com\\\/#website\"},\"primaryImageOfPage\":{\"@id\":\"https:\\\/\\\/efgllc.com\\\/es\\\/financiacion-de-proyectos-y-capex\\\/#primaryimage\"},\"image\":{\"@id\":\"https:\\\/\\\/efgllc.com\\\/es\\\/financiacion-de-proyectos-y-capex\\\/#primaryimage\"},\"thumbnailUrl\":\"https:\\\/\\\/efgllc.com\\\/wp-content\\\/uploads\\\/2023\\\/02\\\/shutterstock_1408507103-scaled.jpg\",\"datePublished\":\"2023-02-22T15:02:04+00:00\",\"dateModified\":\"2023-11-08T08:38:03+00:00\",\"description\":\"Cuando se trata de sus necesidades de financiaci\u00f3n de proyectos, EFG puede ayudarle. \u00bfQuiere ampliar sus instalaciones?\",\"breadcrumb\":{\"@id\":\"https:\\\/\\\/efgllc.com\\\/es\\\/financiacion-de-proyectos-y-capex\\\/#breadcrumb\"},\"inLanguage\":\"es\",\"potentialAction\":[{\"@type\":\"ReadAction\",\"target\":[\"https:\\\/\\\/efgllc.com\\\/es\\\/financiacion-de-proyectos-y-capex\\\/\"]}]},{\"@type\":\"ImageObject\",\"inLanguage\":\"es\",\"@id\":\"https:\\\/\\\/efgllc.com\\\/es\\\/financiacion-de-proyectos-y-capex\\\/#primaryimage\",\"url\":\"https:\\\/\\\/efgllc.com\\\/wp-content\\\/uploads\\\/2023\\\/02\\\/shutterstock_1408507103-scaled.jpg\",\"contentUrl\":\"https:\\\/\\\/efgllc.com\\\/wp-content\\\/uploads\\\/2023\\\/02\\\/shutterstock_1408507103-scaled.jpg\",\"width\":2560,\"height\":1707,\"caption\":\"To qualify as a capital lease, a lease contract must satisfy any of the four criteria.\"},{\"@type\":\"BreadcrumbList\",\"@id\":\"https:\\\/\\\/efgllc.com\\\/es\\\/financiacion-de-proyectos-y-capex\\\/#breadcrumb\",\"itemListElement\":[{\"@type\":\"ListItem\",\"position\":1,\"name\":\"Home\",\"item\":\"https:\\\/\\\/efgllc.com\\\/\"},{\"@type\":\"ListItem\",\"position\":2,\"name\":\"Financiaci\u00f3n de proyectos y CAPEX\"}]},{\"@type\":\"WebSite\",\"@id\":\"https:\\\/\\\/efgllc.com\\\/#website\",\"url\":\"https:\\\/\\\/efgllc.com\\\/\",\"name\":\"Equipment Finance Group\",\"description\":\"A specialized, innovative, industrial finance lender\",\"publisher\":{\"@id\":\"https:\\\/\\\/efgllc.com\\\/#organization\"},\"potentialAction\":[{\"@type\":\"SearchAction\",\"target\":{\"@type\":\"EntryPoint\",\"urlTemplate\":\"https:\\\/\\\/efgllc.com\\\/?s={search_term_string}\"},\"query-input\":{\"@type\":\"PropertyValueSpecification\",\"valueRequired\":true,\"valueName\":\"search_term_string\"}}],\"inLanguage\":\"es\"},{\"@type\":\"Organization\",\"@id\":\"https:\\\/\\\/efgllc.com\\\/#organization\",\"name\":\"Equipment Finance Group\",\"url\":\"https:\\\/\\\/efgllc.com\\\/\",\"logo\":{\"@type\":\"ImageObject\",\"inLanguage\":\"es\",\"@id\":\"https:\\\/\\\/efgllc.com\\\/#\\\/schema\\\/logo\\\/image\\\/\",\"url\":\"https:\\\/\\\/efgllc.com\\\/wp-content\\\/uploads\\\/2022\\\/10\\\/logo-inverted-1.png\",\"contentUrl\":\"https:\\\/\\\/efgllc.com\\\/wp-content\\\/uploads\\\/2022\\\/10\\\/logo-inverted-1.png\",\"width\":192,\"height\":60,\"caption\":\"Equipment Finance Group\"},\"image\":{\"@id\":\"https:\\\/\\\/efgllc.com\\\/#\\\/schema\\\/logo\\\/image\\\/\"}}]}<\/script>\n<!-- \/ Yoast SEO plugin. -->","yoast_head_json":{"title":"Financiaci\u00f3n de proyectos y CAPEX - Equipment Finance Group","description":"Cuando se trata de sus necesidades de financiaci\u00f3n de proyectos, EFG puede ayudarle. \u00bfQuiere ampliar sus instalaciones?","robots":{"index":"index","follow":"follow","max-snippet":"max-snippet:-1","max-image-preview":"max-image-preview:large","max-video-preview":"max-video-preview:-1"},"canonical":"https:\/\/efgllc.com\/es\/financiacion-de-proyectos-y-capex\/","og_locale":"es_ES","og_type":"article","og_title":"Financiaci\u00f3n de proyectos y CAPEX - Equipment Finance Group","og_description":"Cuando se trata de sus necesidades de financiaci\u00f3n de proyectos, EFG puede ayudarle. \u00bfQuiere ampliar sus instalaciones?","og_url":"https:\/\/efgllc.com\/es\/financiacion-de-proyectos-y-capex\/","og_site_name":"Equipment Finance Group","article_modified_time":"2023-11-08T08:38:03+00:00","og_image":[{"width":2560,"height":1707,"url":"https:\/\/efgllc.com\/wp-content\/uploads\/2023\/02\/shutterstock_1408507103-scaled.jpg","type":"image\/jpeg"}],"twitter_card":"summary_large_image","schema":{"@context":"https:\/\/schema.org","@graph":[{"@type":"WebPage","@id":"https:\/\/efgllc.com\/es\/financiacion-de-proyectos-y-capex\/","url":"https:\/\/efgllc.com\/es\/financiacion-de-proyectos-y-capex\/","name":"Financiaci\u00f3n de proyectos y CAPEX - Equipment Finance Group","isPartOf":{"@id":"https:\/\/efgllc.com\/#website"},"primaryImageOfPage":{"@id":"https:\/\/efgllc.com\/es\/financiacion-de-proyectos-y-capex\/#primaryimage"},"image":{"@id":"https:\/\/efgllc.com\/es\/financiacion-de-proyectos-y-capex\/#primaryimage"},"thumbnailUrl":"https:\/\/efgllc.com\/wp-content\/uploads\/2023\/02\/shutterstock_1408507103-scaled.jpg","datePublished":"2023-02-22T15:02:04+00:00","dateModified":"2023-11-08T08:38:03+00:00","description":"Cuando se trata de sus necesidades de financiaci\u00f3n de proyectos, EFG puede ayudarle. \u00bfQuiere ampliar sus instalaciones?","breadcrumb":{"@id":"https:\/\/efgllc.com\/es\/financiacion-de-proyectos-y-capex\/#breadcrumb"},"inLanguage":"es","potentialAction":[{"@type":"ReadAction","target":["https:\/\/efgllc.com\/es\/financiacion-de-proyectos-y-capex\/"]}]},{"@type":"ImageObject","inLanguage":"es","@id":"https:\/\/efgllc.com\/es\/financiacion-de-proyectos-y-capex\/#primaryimage","url":"https:\/\/efgllc.com\/wp-content\/uploads\/2023\/02\/shutterstock_1408507103-scaled.jpg","contentUrl":"https:\/\/efgllc.com\/wp-content\/uploads\/2023\/02\/shutterstock_1408507103-scaled.jpg","width":2560,"height":1707,"caption":"To qualify as a capital lease, a lease contract must satisfy any of the four criteria."},{"@type":"BreadcrumbList","@id":"https:\/\/efgllc.com\/es\/financiacion-de-proyectos-y-capex\/#breadcrumb","itemListElement":[{"@type":"ListItem","position":1,"name":"Home","item":"https:\/\/efgllc.com\/"},{"@type":"ListItem","position":2,"name":"Financiaci\u00f3n de proyectos y CAPEX"}]},{"@type":"WebSite","@id":"https:\/\/efgllc.com\/#website","url":"https:\/\/efgllc.com\/","name":"Equipment Finance Group","description":"A specialized, innovative, industrial finance lender","publisher":{"@id":"https:\/\/efgllc.com\/#organization"},"potentialAction":[{"@type":"SearchAction","target":{"@type":"EntryPoint","urlTemplate":"https:\/\/efgllc.com\/?s={search_term_string}"},"query-input":{"@type":"PropertyValueSpecification","valueRequired":true,"valueName":"search_term_string"}}],"inLanguage":"es"},{"@type":"Organization","@id":"https:\/\/efgllc.com\/#organization","name":"Equipment Finance Group","url":"https:\/\/efgllc.com\/","logo":{"@type":"ImageObject","inLanguage":"es","@id":"https:\/\/efgllc.com\/#\/schema\/logo\/image\/","url":"https:\/\/efgllc.com\/wp-content\/uploads\/2022\/10\/logo-inverted-1.png","contentUrl":"https:\/\/efgllc.com\/wp-content\/uploads\/2022\/10\/logo-inverted-1.png","width":192,"height":60,"caption":"Equipment Finance Group"},"image":{"@id":"https:\/\/efgllc.com\/#\/schema\/logo\/image\/"}}]}},"_links":{"self":[{"href":"https:\/\/efgllc.com\/es\/wp-json\/wp\/v2\/pages\/5613","targetHints":{"allow":["GET"]}}],"collection":[{"href":"https:\/\/efgllc.com\/es\/wp-json\/wp\/v2\/pages"}],"about":[{"href":"https:\/\/efgllc.com\/es\/wp-json\/wp\/v2\/types\/page"}],"author":[{"embeddable":true,"href":"https:\/\/efgllc.com\/es\/wp-json\/wp\/v2\/users\/15"}],"replies":[{"embeddable":true,"href":"https:\/\/efgllc.com\/es\/wp-json\/wp\/v2\/comments?post=5613"}],"version-history":[{"count":1,"href":"https:\/\/efgllc.com\/es\/wp-json\/wp\/v2\/pages\/5613\/revisions"}],"predecessor-version":[{"id":5614,"href":"https:\/\/efgllc.com\/es\/wp-json\/wp\/v2\/pages\/5613\/revisions\/5614"}],"wp:featuredmedia":[{"embeddable":true,"href":"https:\/\/efgllc.com\/es\/wp-json\/wp\/v2\/media\/4988"}],"wp:attachment":[{"href":"https:\/\/efgllc.com\/es\/wp-json\/wp\/v2\/media?parent=5613"}],"curies":[{"name":"wp","href":"https:\/\/api.w.org\/{rel}","templated":true}]}}